{"id":74,"date":"2025-12-09T12:23:27","date_gmt":"2025-12-09T11:23:27","guid":{"rendered":"https:\/\/utla.hornstaging.no\/?page_id=74"},"modified":"2026-01-12T12:19:32","modified_gmt":"2026-01-12T11:19:32","slug":"a-propos-de-nous","status":"publish","type":"page","link":"https:\/\/utla.no\/fr\/om-oss\/","title":{"rendered":"\u00c0 propos de nous"},"content":{"rendered":"<div data-elementor-type=\"wp-page\" data-elementor-id=\"74\" class=\"elementor elementor-74\" data-elementor-post-type=\"page\">\n\t\t\t\t<div class=\"elementor-element elementor-element-7cee786 e-flex e-con-boxed e-con e-parent\" data-id=\"7cee786\" data-element_type=\"container\" data-e-type=\"container\" data-settings=\"{&quot;background_background&quot;:&quot;classic&quot;}\">\n\t\t\t\t\t<div class=\"e-con-inner\">\n\t\t<div class=\"elementor-element elementor-element-a82d2f3 e-con-full e-flex e-con e-child\" data-id=\"a82d2f3\" data-element_type=\"container\" data-e-type=\"container\">\n\t\t\t\t<div class=\"elementor-element elementor-element-f85bf05 elementor-widget elementor-widget-heading\" data-id=\"f85bf05\" data-element_type=\"widget\" data-e-type=\"widget\" data-widget_type=\"heading.default\">\n\t\t\t\t\t<h1 class=\"elementor-heading-title elementor-size-default\">\u00c0 propos d\u2019Utladalen Camping<\/h1>\t\t\t\t<\/div>\n\t\t\t\t<div class=\"elementor-element elementor-element-dca2e2f elementor-widget elementor-widget-text-editor\" data-id=\"dca2e2f\" data-element_type=\"widget\" data-e-type=\"widget\" data-widget_type=\"text-editor.default\">\n\t\t\t\t\t\t\t\t\t<p data-start=\"118\" data-end=\"419\">Utladalen Camping est situ\u00e9 dans la vall\u00e9e des cascades, la porte d\u2019entr\u00e9e du Jotunheimen depuis l\u2019ouest. S\u00e9journez en chalet avec ou sans salle de bain, en camping-car ou sous tente, avec b\u00e2timent de services et Wi-Fi gratuit. Hjellefossen, Avdalsfossen, Hyljefossen et Vettisfossen se trouvent juste \u00e0 proximit\u00e9.<\/p>\t\t\t\t\t\t\t\t<\/div>\n\t\t<div class=\"elementor-element elementor-element-e31c959 e-con-full e-flex e-con e-child\" data-id=\"e31c959\" data-element_type=\"container\" data-e-type=\"container\">\n\t\t\t\t<div class=\"elementor-element elementor-element-8a3caec elementor-mobile-align-justify elementor-align-left elementor-widget elementor-widget-button\" data-id=\"8a3caec\" data-element_type=\"widget\" data-e-type=\"widget\" data-widget_type=\"button.default\">\n\t\t\t\t\t\t\t\t\t\t<a class=\"elementor-button elementor-button-link elementor-size-sm elementor-animation-float\" href=\"https:\/\/hotels.cloudbeds.com\/en\/reservation\/DEYJWW\" target=\"_blank\">\n\t\t\t\t\t\t<span class=\"elementor-button-content-wrapper\">\n\t\t\t\t\t\t\t\t\t<span class=\"elementor-button-text\">R\u00e9server un h\u00e9bergement<\/span>\n\t\t\t\t\t<\/span>\n\t\t\t\t\t<\/a>\n\t\t\t\t\t\t\t\t<\/div>\n\t\t\t\t<\/div>\n\t\t\t\t<\/div>\n\t\t\t\t\t<\/div>\n\t\t\t\t<\/div>\n\t\t<div class=\"elementor-element elementor-element-880c3a1 e-flex e-con-boxed e-con e-parent\" data-id=\"880c3a1\" data-element_type=\"container\" data-e-type=\"container\">\n\t\t\t\t\t<div class=\"e-con-inner\">\n\t\t<div class=\"elementor-element elementor-element-14493a2 e-con-full e-flex e-con e-child\" data-id=\"14493a2\" data-element_type=\"container\" data-e-type=\"container\">\n\t\t<div class=\"elementor-element elementor-element-f38516d e-con-full e-flex e-con e-child\" data-id=\"f38516d\" data-element_type=\"container\" data-e-type=\"container\">\n\t\t\t\t<div class=\"elementor-element elementor-element-aab1569 elementor-widget elementor-widget-heading\" data-id=\"aab1569\" data-element_type=\"widget\" data-e-type=\"widget\" data-widget_type=\"heading.default\">\n\t\t\t\t\t<h2 class=\"elementor-heading-title elementor-size-default\">Bienvenue dans la vall\u00e9e des cascades \u2013 la porte d\u2019entr\u00e9e du Jotunheimen<\/h2>\t\t\t\t<\/div>\n\t\t\t\t<div class=\"elementor-element elementor-element-489daa2 elementor-widget elementor-widget-text-editor\" data-id=\"489daa2\" data-element_type=\"widget\" data-e-type=\"widget\" data-widget_type=\"text-editor.default\">\n\t\t\t\t\t\t\t\t\t<p data-start=\"68\" data-end=\"396\">Utladalen Camping, ou Utladalen Opplevelser comme nous aimons l\u2019appeler, est situ\u00e9 \u00e0 Utladalen \u2013 l\u2019entr\u00e9e occidentale du Jotunheimen. Ici, vous s\u00e9journez au c\u0153ur d\u2019un paysage vraiment impressionnant, avec Hjellefossen, Avdalsfossen, Hyljefossen et Vettisfossen \u00e0 deux pas. Ce n\u2019est pas sans raison qu\u2019Utladalen est surnomm\u00e9e la vall\u00e9e des cascades.<\/p><p data-start=\"398\" data-end=\"795\" data-is-last-node=\"\" data-is-only-node=\"\">Chez nous, vous pouvez choisir entre des chalets avec ou sans salle de bain, des emplacements pour camping-car et de vastes espaces pour tentes, avec un b\u00e2timent de services \u00e9quip\u00e9 de douches et de toilettes. Nous souhaitons offrir bien plus qu\u2019un simple h\u00e9bergement et vous aidons volontiers \u00e0 d\u00e9couvrir les exp\u00e9riences de la r\u00e9gion \u2013 de la randonn\u00e9e tranquille et des ascensions de sommets au v\u00e9lo, au ski et au kayak. Le Wi-Fi gratuit est disponible pour tous les h\u00f4tes, afin que vous puissiez facilement planifier votre prochaine excursion ou partager vos moments en chemin.<\/p>\t\t\t\t\t\t\t\t<\/div>\n\t\t\t\t<div class=\"elementor-element elementor-element-808f797 elementor-mobile-align-justify elementor-align-left elementor-widget elementor-widget-button\" data-id=\"808f797\" data-element_type=\"widget\" data-e-type=\"widget\" data-widget_type=\"button.default\">\n\t\t\t\t\t\t\t\t\t\t<a class=\"elementor-button elementor-button-link elementor-size-sm elementor-animation-float\" href=\"https:\/\/hotels.cloudbeds.com\/en\/reservation\/DEYJWW\" target=\"_blank\">\n\t\t\t\t\t\t<span class=\"elementor-button-content-wrapper\">\n\t\t\t\t\t\t\t\t\t<span class=\"elementor-button-text\">R\u00e9server un h\u00e9bergement<\/span>\n\t\t\t\t\t<\/span>\n\t\t\t\t\t<\/a>\n\t\t\t\t\t\t\t\t<\/div>\n\t\t\t\t<\/div>\n\t\t<div class=\"elementor-element elementor-element-094323a e-con-full e-flex e-con e-child\" data-id=\"094323a\" data-element_type=\"container\" data-e-type=\"container\">\n\t\t\t\t<div class=\"elementor-element elementor-element-87693c3 elementor-widget elementor-widget-image\" data-id=\"87693c3\" data-element_type=\"widget\" data-e-type=\"widget\" data-widget_type=\"image.default\">\n\t\t\t\t\t\t\t\t\t\t\t\t\t\t\t<img fetchpriority=\"high\" decoding=\"async\" width=\"2048\" height=\"1365\" src=\"https:\/\/utla.no\/wp-content\/uploads\/2025\/12\/12341155_2-103-17_photo_print.jpg\" class=\"attachment-full size-full wp-image-103\" alt=\"\" srcset=\"https:\/\/utla.no\/wp-content\/uploads\/2025\/12\/12341155_2-103-17_photo_print.jpg 2048w, https:\/\/utla.no\/wp-content\/uploads\/2025\/12\/12341155_2-103-17_photo_print-300x200.jpg 300w, https:\/\/utla.no\/wp-content\/uploads\/2025\/12\/12341155_2-103-17_photo_print-1024x683.jpg 1024w, https:\/\/utla.no\/wp-content\/uploads\/2025\/12\/12341155_2-103-17_photo_print-768x512.jpg 768w, https:\/\/utla.no\/wp-content\/uploads\/2025\/12\/12341155_2-103-17_photo_print-1536x1024.jpg 1536w\" sizes=\"(max-width: 2048px) 100vw, 2048px\" \/>\t\t\t\t\t\t\t\t\t\t\t\t\t\t\t<\/div>\n\t\t\t\t<\/div>\n\t\t\t\t<\/div>\n\t\t\t\t\t<\/div>\n\t\t\t\t<\/div>\n\t\t\t\t<\/div>","protected":false},"excerpt":{"rendered":"<p>Om Utladalen Camping Utladalen Camping ligger i fossenes dal, inngangsporten til Jotunheimen fra vest. Bo i hytte med eller uten bad, bobil eller telt, med servicebygg og gratis WiFi. Her venter Hjellefossen, Avdalsfossen, Hyljefossen og Vettisfossen rett i n\u00e6rheten. Book overnatting Velkommen til fossenes dal \u2013 inngangsporten til Jotunheimen Utladalen Camping, eller Utladalen Opplevelser som [&hellip;]<\/p>\n","protected":false},"author":1,"featured_media":257,"parent":0,"menu_order":0,"comment_status":"closed","ping_status":"closed","template":"","meta":{"_acf_changed":false,"footnotes":""},"class_list":["post-74","page","type-page","status-publish","has-post-thumbnail","hentry"],"acf":[],"yoast_head":"<!-- This site is optimized with the Yoast SEO plugin v27.0 - https:\/\/yoast.com\/product\/yoast-seo-wordpress\/ -->\n<title>Om Utladalen Camping \u2013 Fossenes Dal ved Jotunheimen<\/title>\n<meta name=\"description\" content=\"Utladalen Camping tilbyr hytter, bobil- og teltplass i fossenes dal \u2013 med kort vei til Jotunheimen og store naturopplevelser.\" \/>\n<meta name=\"robots\" content=\"index, follow, max-snippet:-1, max-image-preview:large, max-video-preview:-1\" \/>\n<link rel=\"canonical\" href=\"https:\/\/utla.no\/fr\/a-propos-de-nous\/\" \/>\n<meta property=\"og:locale\" content=\"fr_FR\" \/>\n<meta property=\"og:type\" content=\"article\" \/>\n<meta property=\"og:title\" content=\"Om Utladalen Camping \u2013 Fossenes Dal ved Jotunheimen\" \/>\n<meta property=\"og:description\" content=\"Utladalen Camping tilbyr hytter, bobil- og teltplass i fossenes dal \u2013 med kort vei til Jotunheimen og store naturopplevelser.\" \/>\n<meta property=\"og:url\" content=\"https:\/\/utla.no\/fr\/a-propos-de-nous\/\" \/>\n<meta property=\"og:site_name\" content=\"Utladalen Camping\" \/>\n<meta property=\"article:modified_time\" content=\"2026-01-12T11:19:32+00:00\" \/>\n<meta property=\"og:image\" content=\"https:\/\/utla.no\/wp-content\/uploads\/2026\/01\/opengraph-utladalen.png\" \/>\n\t<meta property=\"og:image:width\" content=\"2048\" \/>\n\t<meta property=\"og:image:height\" content=\"1363\" \/>\n\t<meta property=\"og:image:type\" content=\"image\/png\" \/>\n<meta name=\"twitter:card\" content=\"summary_large_image\" \/>\n<meta name=\"twitter:label1\" content=\"Dur\u00e9e de lecture estim\u00e9e\" \/>\n\t<meta name=\"twitter:data1\" content=\"1 minute\" \/>\n<script type=\"application\/ld+json\" class=\"yoast-schema-graph\">{\"@context\":\"https:\/\/schema.org\",\"@graph\":[{\"@type\":\"WebPage\",\"@id\":\"https:\/\/utla.no\/om-oss\/\",\"url\":\"https:\/\/utla.no\/om-oss\/\",\"name\":\"Om Utladalen Camping \u2013 Fossenes Dal ved Jotunheimen\",\"isPartOf\":{\"@id\":\"https:\/\/utla.no\/#website\"},\"primaryImageOfPage\":{\"@id\":\"https:\/\/utla.no\/om-oss\/#primaryimage\"},\"image\":{\"@id\":\"https:\/\/utla.no\/om-oss\/#primaryimage\"},\"thumbnailUrl\":\"https:\/\/utla.no\/wp-content\/uploads\/2026\/01\/opengraph-utladalen.png\",\"datePublished\":\"2025-12-09T11:23:27+00:00\",\"dateModified\":\"2026-01-12T11:19:32+00:00\",\"description\":\"Utladalen Camping tilbyr hytter, bobil- og teltplass i fossenes dal \u2013 med kort vei til Jotunheimen og store naturopplevelser.\",\"breadcrumb\":{\"@id\":\"https:\/\/utla.no\/om-oss\/#breadcrumb\"},\"inLanguage\":\"fr-FR\",\"potentialAction\":[{\"@type\":\"ReadAction\",\"target\":[\"https:\/\/utla.no\/om-oss\/\"]}]},{\"@type\":\"ImageObject\",\"inLanguage\":\"fr-FR\",\"@id\":\"https:\/\/utla.no\/om-oss\/#primaryimage\",\"url\":\"https:\/\/utla.no\/wp-content\/uploads\/2026\/01\/opengraph-utladalen.png\",\"contentUrl\":\"https:\/\/utla.no\/wp-content\/uploads\/2026\/01\/opengraph-utladalen.png\",\"width\":2048,\"height\":1363},{\"@type\":\"BreadcrumbList\",\"@id\":\"https:\/\/utla.no\/om-oss\/#breadcrumb\",\"itemListElement\":[{\"@type\":\"ListItem\",\"position\":1,\"name\":\"Hjem\",\"item\":\"https:\/\/utla.no\/\"},{\"@type\":\"ListItem\",\"position\":2,\"name\":\"Om oss\"}]},{\"@type\":\"WebSite\",\"@id\":\"https:\/\/utla.no\/#website\",\"url\":\"https:\/\/utla.no\/\",\"name\":\"Utladalen Camping\",\"description\":\"Hytter &amp; Telt n\u00e6r Jotunheimen\",\"publisher\":{\"@id\":\"https:\/\/utla.no\/#organization\"},\"alternateName\":\"Utladalen Camping\",\"potentialAction\":[{\"@type\":\"SearchAction\",\"target\":{\"@type\":\"EntryPoint\",\"urlTemplate\":\"https:\/\/utla.no\/?s={search_term_string}\"},\"query-input\":{\"@type\":\"PropertyValueSpecification\",\"valueRequired\":true,\"valueName\":\"search_term_string\"}}],\"inLanguage\":\"fr-FR\"},{\"@type\":\"Organization\",\"@id\":\"https:\/\/utla.no\/#organization\",\"name\":\"Utladalen Camping\",\"alternateName\":\"Utladalen Camping\",\"url\":\"https:\/\/utla.no\/\",\"logo\":{\"@type\":\"ImageObject\",\"inLanguage\":\"fr-FR\",\"@id\":\"https:\/\/utla.no\/#\/schema\/logo\/image\/\",\"url\":\"https:\/\/utla.no\/wp-content\/uploads\/2025\/12\/horizontal-white-logo.png\",\"contentUrl\":\"https:\/\/utla.no\/wp-content\/uploads\/2025\/12\/horizontal-white-logo.png\",\"width\":828,\"height\":320,\"caption\":\"Utladalen Camping\"},\"image\":{\"@id\":\"https:\/\/utla.no\/#\/schema\/logo\/image\/\"}}]}<\/script>\n<!-- \/ Yoast SEO plugin. -->","yoast_head_json":{"title":"\u00c0 propos d\u2019Utladalen Camping \u2013 Nature &amp; Cascades en Norv\u00e8ge","description":"S\u00e9journez au c\u0153ur des cascades pr\u00e8s du Jotunheimen. Chalets, tentes &amp; camping-cars avec Wi-Fi &amp; aventures en plein air.","robots":{"index":"index","follow":"follow","max-snippet":"max-snippet:-1","max-image-preview":"max-image-preview:large","max-video-preview":"max-video-preview:-1"},"canonical":"https:\/\/utla.no\/fr\/a-propos-de-nous\/","og_locale":"fr_FR","og_type":"article","og_title":"Om Utladalen Camping \u2013 Fossenes Dal ved Jotunheimen","og_description":"Utladalen Camping tilbyr hytter, bobil- og teltplass i fossenes dal \u2013 med kort vei til Jotunheimen og store naturopplevelser.","og_url":"https:\/\/utla.no\/fr\/a-propos-de-nous\/","og_site_name":"Utladalen Camping","article_modified_time":"2026-01-12T11:19:32+00:00","og_image":[{"width":2048,"height":1363,"url":"https:\/\/utla.no\/wp-content\/uploads\/2026\/01\/opengraph-utladalen.png","type":"image\/png"}],"twitter_card":"summary_large_image","twitter_misc":{"Dur\u00e9e de lecture estim\u00e9e":"1 minute"},"schema":{"@context":"https:\/\/schema.org","@graph":[{"@type":"WebPage","@id":"https:\/\/utla.no\/om-oss\/","url":"https:\/\/utla.no\/om-oss\/","name":"\u00c0 propos d\u2019Utladalen Camping \u2013 Nature &amp; Cascades en Norv\u00e8ge","isPartOf":{"@id":"https:\/\/utla.no\/#website"},"primaryImageOfPage":{"@id":"https:\/\/utla.no\/om-oss\/#primaryimage"},"image":{"@id":"https:\/\/utla.no\/om-oss\/#primaryimage"},"thumbnailUrl":"https:\/\/utla.no\/wp-content\/uploads\/2026\/01\/opengraph-utladalen.png","datePublished":"2025-12-09T11:23:27+00:00","dateModified":"2026-01-12T11:19:32+00:00","description":"S\u00e9journez au c\u0153ur des cascades pr\u00e8s du Jotunheimen. Chalets, tentes &amp; camping-cars avec Wi-Fi &amp; aventures en plein air.","breadcrumb":{"@id":"https:\/\/utla.no\/om-oss\/#breadcrumb"},"inLanguage":"fr-FR","potentialAction":[{"@type":"ReadAction","target":["https:\/\/utla.no\/om-oss\/"]}]},{"@type":"ImageObject","inLanguage":"fr-FR","@id":"https:\/\/utla.no\/om-oss\/#primaryimage","url":"https:\/\/utla.no\/wp-content\/uploads\/2026\/01\/opengraph-utladalen.png","contentUrl":"https:\/\/utla.no\/wp-content\/uploads\/2026\/01\/opengraph-utladalen.png","width":2048,"height":1363},{"@type":"BreadcrumbList","@id":"https:\/\/utla.no\/om-oss\/#breadcrumb","itemListElement":[{"@type":"ListItem","position":1,"name":"Hjem","item":"https:\/\/utla.no\/"},{"@type":"ListItem","position":2,"name":"Om oss"}]},{"@type":"WebSite","@id":"https:\/\/utla.no\/#website","url":"https:\/\/utla.no\/","name":"Utladalen Camping","description":"Hytter &amp; Telt n\u00e6r Jotunheimen","publisher":{"@id":"https:\/\/utla.no\/#organization"},"alternateName":"Utladalen Camping","potentialAction":[{"@type":"SearchAction","target":{"@type":"EntryPoint","urlTemplate":"https:\/\/utla.no\/?s={search_term_string}"},"query-input":{"@type":"PropertyValueSpecification","valueRequired":true,"valueName":"search_term_string"}}],"inLanguage":"fr-FR"},{"@type":"Organization","@id":"https:\/\/utla.no\/#organization","name":"Utladalen Camping","alternateName":"Utladalen Camping","url":"https:\/\/utla.no\/","logo":{"@type":"ImageObject","inLanguage":"fr-FR","@id":"https:\/\/utla.no\/#\/schema\/logo\/image\/","url":"https:\/\/utla.no\/wp-content\/uploads\/2025\/12\/horizontal-white-logo.png","contentUrl":"https:\/\/utla.no\/wp-content\/uploads\/2025\/12\/horizontal-white-logo.png","width":828,"height":320,"caption":"Utladalen Camping"},"image":{"@id":"https:\/\/utla.no\/#\/schema\/logo\/image\/"}}]}},"_links":{"self":[{"href":"https:\/\/utla.no\/fr\/wp-json\/wp\/v2\/pages\/74","targetHints":{"allow":["GET"]}}],"collection":[{"href":"https:\/\/utla.no\/fr\/wp-json\/wp\/v2\/pages"}],"about":[{"href":"https:\/\/utla.no\/fr\/wp-json\/wp\/v2\/types\/page"}],"author":[{"embeddable":true,"href":"https:\/\/utla.no\/fr\/wp-json\/wp\/v2\/users\/1"}],"replies":[{"embeddable":true,"href":"https:\/\/utla.no\/fr\/wp-json\/wp\/v2\/comments?post=74"}],"version-history":[{"count":5,"href":"https:\/\/utla.no\/fr\/wp-json\/wp\/v2\/pages\/74\/revisions"}],"predecessor-version":[{"id":324,"href":"https:\/\/utla.no\/fr\/wp-json\/wp\/v2\/pages\/74\/revisions\/324"}],"wp:featuredmedia":[{"embeddable":true,"href":"https:\/\/utla.no\/fr\/wp-json\/wp\/v2\/media\/257"}],"wp:attachment":[{"href":"https:\/\/utla.no\/fr\/wp-json\/wp\/v2\/media?parent=74"}],"curies":[{"name":"wp","href":"https:\/\/api.w.org\/{rel}","templated":true}]}}