{"id":72,"date":"2025-12-09T12:23:16","date_gmt":"2025-12-09T11:23:16","guid":{"rendered":"https:\/\/utla.hornstaging.no\/?page_id=72"},"modified":"2026-01-12T12:19:49","modified_gmt":"2026-01-12T11:19:49","slug":"evenements","status":"publish","type":"page","link":"https:\/\/utla.no\/fr\/eventer\/","title":{"rendered":"\u00c9v\u00e9nements"},"content":{"rendered":"<div data-elementor-type=\"wp-page\" data-elementor-id=\"72\" class=\"elementor elementor-72\" data-elementor-post-type=\"page\">\n\t\t\t\t<div class=\"elementor-element elementor-element-5aa826b e-flex e-con-boxed e-con e-parent\" data-id=\"5aa826b\" data-element_type=\"container\" data-e-type=\"container\" data-settings=\"{&quot;background_background&quot;:&quot;classic&quot;}\">\n\t\t\t\t\t<div class=\"e-con-inner\">\n\t\t<div class=\"elementor-element elementor-element-d8213af e-con-full e-flex e-con e-child\" data-id=\"d8213af\" data-element_type=\"container\" data-e-type=\"container\">\n\t\t\t\t<div class=\"elementor-element elementor-element-ef0705b elementor-widget elementor-widget-heading\" data-id=\"ef0705b\" data-element_type=\"widget\" data-e-type=\"widget\" data-widget_type=\"heading.default\">\n\t\t\t\t\t<h1 class=\"elementor-heading-title elementor-size-default\">\u00c9v\u00e9nements \u00e0 Utladalen \u2013 des exp\u00e9riences au-del\u00e0 de l\u2019h\u00e9bergement<\/h1>\t\t\t\t<\/div>\n\t\t\t\t<div class=\"elementor-element elementor-element-0ae3de7 elementor-widget elementor-widget-text-editor\" data-id=\"0ae3de7\" data-element_type=\"widget\" data-e-type=\"widget\" data-widget_type=\"text-editor.default\">\n\t\t\t\t\t\t\t\t\t<p data-start=\"118\" data-end=\"419\">Utladalen Camping propose bien plus qu\u2019un simple h\u00e9bergement. Participez \u00e0 des exp\u00e9riences guid\u00e9es dans la vall\u00e9e des cascades, adapt\u00e9es \u00e0 votre niveau et \u00e0 vos envies \u2013 de la randonn\u00e9e tranquille aux ascensions de sommets. Louez un v\u00e9lo dans les environs ou d\u00e9couvrez le kayak sur le Sognefjord avec Bulder &amp; Brak.<\/p>\t\t\t\t\t\t\t\t<\/div>\n\t\t<div class=\"elementor-element elementor-element-8042b4c e-con-full e-flex e-con e-child\" data-id=\"8042b4c\" data-element_type=\"container\" data-e-type=\"container\">\n\t\t\t\t<div class=\"elementor-element elementor-element-4bbc603 elementor-mobile-align-justify elementor-align-left elementor-widget elementor-widget-button\" data-id=\"4bbc603\" data-element_type=\"widget\" data-e-type=\"widget\" data-widget_type=\"button.default\">\n\t\t\t\t\t\t\t\t\t\t<a class=\"elementor-button elementor-button-link elementor-size-sm elementor-animation-float\" href=\"https:\/\/hotels.cloudbeds.com\/en\/reservation\/DEYJWW\" target=\"_blank\">\n\t\t\t\t\t\t<span class=\"elementor-button-content-wrapper\">\n\t\t\t\t\t\t\t\t\t<span class=\"elementor-button-text\">R\u00e9server un h\u00e9bergement<\/span>\n\t\t\t\t\t<\/span>\n\t\t\t\t\t<\/a>\n\t\t\t\t\t\t\t\t<\/div>\n\t\t\t\t<\/div>\n\t\t\t\t<\/div>\n\t\t\t\t\t<\/div>\n\t\t\t\t<\/div>\n\t\t<div class=\"elementor-element elementor-element-b4211b3 e-flex e-con-boxed e-con e-parent\" data-id=\"b4211b3\" data-element_type=\"container\" data-e-type=\"container\">\n\t\t\t\t\t<div class=\"e-con-inner\">\n\t\t<div class=\"elementor-element elementor-element-82197e7 e-con-full e-flex e-con e-child\" data-id=\"82197e7\" data-element_type=\"container\" data-e-type=\"container\">\n\t\t<div class=\"elementor-element elementor-element-51dc04c e-con-full e-flex e-con e-child\" data-id=\"51dc04c\" data-element_type=\"container\" data-e-type=\"container\">\n\t\t\t\t<div class=\"elementor-element elementor-element-3633b1c elementor-widget elementor-widget-heading\" data-id=\"3633b1c\" data-element_type=\"widget\" data-e-type=\"widget\" data-widget_type=\"heading.default\">\n\t\t\t\t\t<h2 class=\"elementor-heading-title elementor-size-default\">Exp\u00e9riences guid\u00e9es et \u00e9v\u00e9nements dans la vall\u00e9e des cascades<\/h2>\t\t\t\t<\/div>\n\t\t\t\t<div class=\"elementor-element elementor-element-d097176 elementor-widget elementor-widget-text-editor\" data-id=\"d097176\" data-element_type=\"widget\" data-e-type=\"widget\" data-widget_type=\"text-editor.default\">\n\t\t\t\t\t\t\t\t\t<p data-start=\"352\" data-end=\"690\">\u00c0 Utladalen Camping, nous souhaitons vous offrir bien plus qu\u2019un simple lieu o\u00f9 dormir. Nous avons \u00e0 c\u0153ur de partager les activit\u00e9s et les exp\u00e9riences naturelles qui font d\u2019Utladalen un endroit vraiment unique \u00e0 visiter, que vous soyez novice en montagne ou randonneur exp\u00e9riment\u00e9. Notre objectif est que chaque h\u00f4te reparte avec de bons souvenirs et le sentiment d\u2019avoir r\u00e9ellement d\u00e9couvert la vall\u00e9e des cascades.<\/p><p data-start=\"692\" data-end=\"1101\" data-is-last-node=\"\" data-is-only-node=\"\">Nous organisons des excursions guid\u00e9es adapt\u00e9es \u00e0 votre niveau de comp\u00e9tence et au rythme souhait\u00e9 \u2013 des ascensions exigeantes aux promenades tranquilles dans la magnifique vall\u00e9e d\u2019Utladalen. Si vous pr\u00e9f\u00e9rez une activit\u00e9 plus simple en toute autonomie, nous proposons \u00e9galement la location de v\u00e9los pour une balade paisible autour du camping ou jusqu\u2019au centre. Pour les exp\u00e9riences en kayak sur le Sognefjord, nous collaborons avec Bulder &amp; Brak afin que vous puissiez profiter d\u2019une journ\u00e9e s\u00fbre et m\u00e9morable sur le fjord.<\/p>\t\t\t\t\t\t\t\t<\/div>\n\t\t\t\t<div class=\"elementor-element elementor-element-94c3b4e elementor-mobile-align-justify elementor-widget elementor-widget-button\" data-id=\"94c3b4e\" data-element_type=\"widget\" data-e-type=\"widget\" data-widget_type=\"button.default\">\n\t\t\t\t\t\t\t\t\t\t<a class=\"elementor-button elementor-button-link elementor-size-sm elementor-animation-float\" href=\"https:\/\/www.bulderogbrak.no\/\" target=\"_blank\">\n\t\t\t\t\t\t<span class=\"elementor-button-content-wrapper\">\n\t\t\t\t\t\t\t\t\t<span class=\"elementor-button-text\">En savoir plus<\/span>\n\t\t\t\t\t<\/span>\n\t\t\t\t\t<\/a>\n\t\t\t\t\t\t\t\t<\/div>\n\t\t\t\t<\/div>\n\t\t<div class=\"elementor-element elementor-element-3ac526f e-con-full e-flex e-con e-child\" data-id=\"3ac526f\" data-element_type=\"container\" data-e-type=\"container\">\n\t\t\t\t<div class=\"elementor-element elementor-element-e3faa29 elementor-widget elementor-widget-image\" data-id=\"e3faa29\" data-element_type=\"widget\" data-e-type=\"widget\" data-widget_type=\"image.default\">\n\t\t\t\t\t\t\t\t\t\t\t\t\t\t\t<img fetchpriority=\"high\" decoding=\"async\" width=\"750\" height=\"419\" src=\"https:\/\/utla.no\/wp-content\/uploads\/2025\/12\/image-asset.jpeg\" class=\"attachment-full size-full wp-image-219\" alt=\"\" srcset=\"https:\/\/utla.no\/wp-content\/uploads\/2025\/12\/image-asset.jpeg 750w, https:\/\/utla.no\/wp-content\/uploads\/2025\/12\/image-asset-300x168.jpeg 300w\" sizes=\"(max-width: 750px) 100vw, 750px\" \/>\t\t\t\t\t\t\t\t\t\t\t\t\t\t\t<\/div>\n\t\t\t\t<\/div>\n\t\t\t\t<\/div>\n\t\t\t\t\t<\/div>\n\t\t\t\t<\/div>\n\t\t\t\t<\/div>","protected":false},"excerpt":{"rendered":"<p>Eventer i Utladalen \u2013 opplevelser utover overnatting Utladalen Camping tilbyr mer enn bare overnatting. Bli med p\u00e5 guida opplevelser i fossenes dal, tilpasset niv\u00e5 og \u00f8nsker \u2013 fra rolig vandring til toppturer. Lei sykkel i n\u00e6romr\u00e5det, eller opplev kajakk p\u00e5 Sognefjorden med Bulder &amp; Brak. Book overnatting Guida opplevelser og eventer i fossenes dal Hos [&hellip;]<\/p>\n","protected":false},"author":1,"featured_media":257,"parent":0,"menu_order":0,"comment_status":"closed","ping_status":"closed","template":"","meta":{"_acf_changed":false,"footnotes":""},"class_list":["post-72","page","type-page","status-publish","has-post-thumbnail","hentry"],"acf":[],"yoast_head":"<!-- This site is optimized with the Yoast SEO plugin v27.0 - https:\/\/yoast.com\/product\/yoast-seo-wordpress\/ -->\n<title>Eventer i Utladalen \u2013 Guida Turer &amp; Kajakk<\/title>\n<meta name=\"description\" content=\"Opplev Utladalen med guida turer, kajakk og sykkel. Aktiviteter for alle \u2013 fra toppturer til rolige vandringer.\" \/>\n<meta name=\"robots\" content=\"index, follow, max-snippet:-1, max-image-preview:large, max-video-preview:-1\" \/>\n<link rel=\"canonical\" href=\"https:\/\/utla.no\/fr\/evenements\/\" \/>\n<meta property=\"og:locale\" content=\"fr_FR\" \/>\n<meta property=\"og:type\" content=\"article\" \/>\n<meta property=\"og:title\" content=\"Eventer i Utladalen \u2013 Guida Turer &amp; Kajakk\" \/>\n<meta property=\"og:description\" content=\"Opplev Utladalen med guida turer, kajakk og sykkel. Aktiviteter for alle \u2013 fra toppturer til rolige vandringer.\" \/>\n<meta property=\"og:url\" content=\"https:\/\/utla.no\/fr\/evenements\/\" \/>\n<meta property=\"og:site_name\" content=\"Utladalen Camping\" \/>\n<meta property=\"article:modified_time\" content=\"2026-01-12T11:19:49+00:00\" \/>\n<meta property=\"og:image\" content=\"https:\/\/utla.no\/wp-content\/uploads\/2026\/01\/opengraph-utladalen.png\" \/>\n\t<meta property=\"og:image:width\" content=\"2048\" \/>\n\t<meta property=\"og:image:height\" content=\"1363\" \/>\n\t<meta property=\"og:image:type\" content=\"image\/png\" \/>\n<meta name=\"twitter:card\" content=\"summary_large_image\" \/>\n<meta name=\"twitter:label1\" content=\"Dur\u00e9e de lecture estim\u00e9e\" \/>\n\t<meta name=\"twitter:data1\" content=\"1 minute\" \/>\n<script type=\"application\/ld+json\" class=\"yoast-schema-graph\">{\"@context\":\"https:\/\/schema.org\",\"@graph\":[{\"@type\":\"WebPage\",\"@id\":\"https:\/\/utla.no\/eventer\/\",\"url\":\"https:\/\/utla.no\/eventer\/\",\"name\":\"Eventer i Utladalen \u2013 Guida Turer & Kajakk\",\"isPartOf\":{\"@id\":\"https:\/\/utla.no\/#website\"},\"primaryImageOfPage\":{\"@id\":\"https:\/\/utla.no\/eventer\/#primaryimage\"},\"image\":{\"@id\":\"https:\/\/utla.no\/eventer\/#primaryimage\"},\"thumbnailUrl\":\"https:\/\/utla.no\/wp-content\/uploads\/2026\/01\/opengraph-utladalen.png\",\"datePublished\":\"2025-12-09T11:23:16+00:00\",\"dateModified\":\"2026-01-12T11:19:49+00:00\",\"description\":\"Opplev Utladalen med guida turer, kajakk og sykkel. Aktiviteter for alle \u2013 fra toppturer til rolige vandringer.\",\"breadcrumb\":{\"@id\":\"https:\/\/utla.no\/eventer\/#breadcrumb\"},\"inLanguage\":\"fr-FR\",\"potentialAction\":[{\"@type\":\"ReadAction\",\"target\":[\"https:\/\/utla.no\/eventer\/\"]}]},{\"@type\":\"ImageObject\",\"inLanguage\":\"fr-FR\",\"@id\":\"https:\/\/utla.no\/eventer\/#primaryimage\",\"url\":\"https:\/\/utla.no\/wp-content\/uploads\/2026\/01\/opengraph-utladalen.png\",\"contentUrl\":\"https:\/\/utla.no\/wp-content\/uploads\/2026\/01\/opengraph-utladalen.png\",\"width\":2048,\"height\":1363},{\"@type\":\"BreadcrumbList\",\"@id\":\"https:\/\/utla.no\/eventer\/#breadcrumb\",\"itemListElement\":[{\"@type\":\"ListItem\",\"position\":1,\"name\":\"Hjem\",\"item\":\"https:\/\/utla.no\/\"},{\"@type\":\"ListItem\",\"position\":2,\"name\":\"Eventer\"}]},{\"@type\":\"WebSite\",\"@id\":\"https:\/\/utla.no\/#website\",\"url\":\"https:\/\/utla.no\/\",\"name\":\"Utladalen Camping\",\"description\":\"Hytter &amp; Telt n\u00e6r Jotunheimen\",\"publisher\":{\"@id\":\"https:\/\/utla.no\/#organization\"},\"alternateName\":\"Utladalen Camping\",\"potentialAction\":[{\"@type\":\"SearchAction\",\"target\":{\"@type\":\"EntryPoint\",\"urlTemplate\":\"https:\/\/utla.no\/?s={search_term_string}\"},\"query-input\":{\"@type\":\"PropertyValueSpecification\",\"valueRequired\":true,\"valueName\":\"search_term_string\"}}],\"inLanguage\":\"fr-FR\"},{\"@type\":\"Organization\",\"@id\":\"https:\/\/utla.no\/#organization\",\"name\":\"Utladalen Camping\",\"alternateName\":\"Utladalen Camping\",\"url\":\"https:\/\/utla.no\/\",\"logo\":{\"@type\":\"ImageObject\",\"inLanguage\":\"fr-FR\",\"@id\":\"https:\/\/utla.no\/#\/schema\/logo\/image\/\",\"url\":\"https:\/\/utla.no\/wp-content\/uploads\/2025\/12\/horizontal-white-logo.png\",\"contentUrl\":\"https:\/\/utla.no\/wp-content\/uploads\/2025\/12\/horizontal-white-logo.png\",\"width\":828,\"height\":320,\"caption\":\"Utladalen Camping\"},\"image\":{\"@id\":\"https:\/\/utla.no\/#\/schema\/logo\/image\/\"}}]}<\/script>\n<!-- \/ Yoast SEO plugin. -->","yoast_head_json":{"title":"Activit\u00e9s \u00e0 Utladalen \u2013 Randonn\u00e9es, Kayak &amp; Nature","description":"Participez \u00e0 des randonn\u00e9es guid\u00e9es, sorties en kayak &amp; balades \u00e0 v\u00e9lo. Activit\u00e9s pour tous dans la vall\u00e9e des cascades.","robots":{"index":"index","follow":"follow","max-snippet":"max-snippet:-1","max-image-preview":"max-image-preview:large","max-video-preview":"max-video-preview:-1"},"canonical":"https:\/\/utla.no\/fr\/evenements\/","og_locale":"fr_FR","og_type":"article","og_title":"Eventer i Utladalen \u2013 Guida Turer & Kajakk","og_description":"Opplev Utladalen med guida turer, kajakk og sykkel. Aktiviteter for alle \u2013 fra toppturer til rolige vandringer.","og_url":"https:\/\/utla.no\/fr\/evenements\/","og_site_name":"Utladalen Camping","article_modified_time":"2026-01-12T11:19:49+00:00","og_image":[{"width":2048,"height":1363,"url":"https:\/\/utla.no\/wp-content\/uploads\/2026\/01\/opengraph-utladalen.png","type":"image\/png"}],"twitter_card":"summary_large_image","twitter_misc":{"Dur\u00e9e de lecture estim\u00e9e":"1 minute"},"schema":{"@context":"https:\/\/schema.org","@graph":[{"@type":"WebPage","@id":"https:\/\/utla.no\/eventer\/","url":"https:\/\/utla.no\/eventer\/","name":"Activit\u00e9s \u00e0 Utladalen \u2013 Randonn\u00e9es, Kayak &amp; Nature","isPartOf":{"@id":"https:\/\/utla.no\/#website"},"primaryImageOfPage":{"@id":"https:\/\/utla.no\/eventer\/#primaryimage"},"image":{"@id":"https:\/\/utla.no\/eventer\/#primaryimage"},"thumbnailUrl":"https:\/\/utla.no\/wp-content\/uploads\/2026\/01\/opengraph-utladalen.png","datePublished":"2025-12-09T11:23:16+00:00","dateModified":"2026-01-12T11:19:49+00:00","description":"Participez \u00e0 des randonn\u00e9es guid\u00e9es, sorties en kayak &amp; balades \u00e0 v\u00e9lo. Activit\u00e9s pour tous dans la vall\u00e9e des cascades.","breadcrumb":{"@id":"https:\/\/utla.no\/eventer\/#breadcrumb"},"inLanguage":"fr-FR","potentialAction":[{"@type":"ReadAction","target":["https:\/\/utla.no\/eventer\/"]}]},{"@type":"ImageObject","inLanguage":"fr-FR","@id":"https:\/\/utla.no\/eventer\/#primaryimage","url":"https:\/\/utla.no\/wp-content\/uploads\/2026\/01\/opengraph-utladalen.png","contentUrl":"https:\/\/utla.no\/wp-content\/uploads\/2026\/01\/opengraph-utladalen.png","width":2048,"height":1363},{"@type":"BreadcrumbList","@id":"https:\/\/utla.no\/eventer\/#breadcrumb","itemListElement":[{"@type":"ListItem","position":1,"name":"Hjem","item":"https:\/\/utla.no\/"},{"@type":"ListItem","position":2,"name":"Eventer"}]},{"@type":"WebSite","@id":"https:\/\/utla.no\/#website","url":"https:\/\/utla.no\/","name":"Utladalen Camping","description":"Hytter &amp; Telt n\u00e6r Jotunheimen","publisher":{"@id":"https:\/\/utla.no\/#organization"},"alternateName":"Utladalen Camping","potentialAction":[{"@type":"SearchAction","target":{"@type":"EntryPoint","urlTemplate":"https:\/\/utla.no\/?s={search_term_string}"},"query-input":{"@type":"PropertyValueSpecification","valueRequired":true,"valueName":"search_term_string"}}],"inLanguage":"fr-FR"},{"@type":"Organization","@id":"https:\/\/utla.no\/#organization","name":"Utladalen Camping","alternateName":"Utladalen Camping","url":"https:\/\/utla.no\/","logo":{"@type":"ImageObject","inLanguage":"fr-FR","@id":"https:\/\/utla.no\/#\/schema\/logo\/image\/","url":"https:\/\/utla.no\/wp-content\/uploads\/2025\/12\/horizontal-white-logo.png","contentUrl":"https:\/\/utla.no\/wp-content\/uploads\/2025\/12\/horizontal-white-logo.png","width":828,"height":320,"caption":"Utladalen Camping"},"image":{"@id":"https:\/\/utla.no\/#\/schema\/logo\/image\/"}}]}},"_links":{"self":[{"href":"https:\/\/utla.no\/fr\/wp-json\/wp\/v2\/pages\/72","targetHints":{"allow":["GET"]}}],"collection":[{"href":"https:\/\/utla.no\/fr\/wp-json\/wp\/v2\/pages"}],"about":[{"href":"https:\/\/utla.no\/fr\/wp-json\/wp\/v2\/types\/page"}],"author":[{"embeddable":true,"href":"https:\/\/utla.no\/fr\/wp-json\/wp\/v2\/users\/1"}],"replies":[{"embeddable":true,"href":"https:\/\/utla.no\/fr\/wp-json\/wp\/v2\/comments?post=72"}],"version-history":[{"count":5,"href":"https:\/\/utla.no\/fr\/wp-json\/wp\/v2\/pages\/72\/revisions"}],"predecessor-version":[{"id":330,"href":"https:\/\/utla.no\/fr\/wp-json\/wp\/v2\/pages\/72\/revisions\/330"}],"wp:featuredmedia":[{"embeddable":true,"href":"https:\/\/utla.no\/fr\/wp-json\/wp\/v2\/media\/257"}],"wp:attachment":[{"href":"https:\/\/utla.no\/fr\/wp-json\/wp\/v2\/media?parent=72"}],"curies":[{"name":"wp","href":"https:\/\/api.w.org\/{rel}","templated":true}]}}