{"id":74,"date":"2025-12-09T12:23:27","date_gmt":"2025-12-09T11:23:27","guid":{"rendered":"https:\/\/utla.hornstaging.no\/?page_id=74"},"modified":"2026-01-12T12:19:32","modified_gmt":"2026-01-12T11:19:32","slug":"uber-uns","status":"publish","type":"page","link":"https:\/\/utla.no\/de\/om-oss\/","title":{"rendered":"\u00dcber uns"},"content":{"rendered":"<div data-elementor-type=\"wp-page\" data-elementor-id=\"74\" class=\"elementor elementor-74\" data-elementor-post-type=\"page\">\n\t\t\t\t<div class=\"elementor-element elementor-element-7cee786 e-flex e-con-boxed e-con e-parent\" data-id=\"7cee786\" data-element_type=\"container\" data-e-type=\"container\" data-settings=\"{&quot;background_background&quot;:&quot;classic&quot;}\">\n\t\t\t\t\t<div class=\"e-con-inner\">\n\t\t<div class=\"elementor-element elementor-element-a82d2f3 e-con-full e-flex e-con e-child\" data-id=\"a82d2f3\" data-element_type=\"container\" data-e-type=\"container\">\n\t\t\t\t<div class=\"elementor-element elementor-element-f85bf05 elementor-widget elementor-widget-heading\" data-id=\"f85bf05\" data-element_type=\"widget\" data-e-type=\"widget\" data-widget_type=\"heading.default\">\n\t\t\t\t\t<h1 class=\"elementor-heading-title elementor-size-default\">\u00dcber Utladalen Camping<\/h1>\t\t\t\t<\/div>\n\t\t\t\t<div class=\"elementor-element elementor-element-dca2e2f elementor-widget elementor-widget-text-editor\" data-id=\"dca2e2f\" data-element_type=\"widget\" data-e-type=\"widget\" data-widget_type=\"text-editor.default\">\n\t\t\t\t\t\t\t\t\t<p data-start=\"118\" data-end=\"419\">Utladalen Camping liegt im Tal der Wasserf\u00e4lle, dem westlichen Eingangstor zum Jotunheimen. \u00dcbernachten Sie in H\u00fctten mit oder ohne Bad, im Wohnmobil oder im Zelt \u2013 mit Servicegeb\u00e4ude und kostenlosem WLAN. Der Hjellefossen, Avdalsfossen, Hyljefossen und der Vettisfossen befinden sich ganz in der N\u00e4he.<\/p>\t\t\t\t\t\t\t\t<\/div>\n\t\t<div class=\"elementor-element elementor-element-e31c959 e-con-full e-flex e-con e-child\" data-id=\"e31c959\" data-element_type=\"container\" data-e-type=\"container\">\n\t\t\t\t<div class=\"elementor-element elementor-element-8a3caec elementor-mobile-align-justify elementor-align-left elementor-widget elementor-widget-button\" data-id=\"8a3caec\" data-element_type=\"widget\" data-e-type=\"widget\" data-widget_type=\"button.default\">\n\t\t\t\t\t\t\t\t\t\t<a class=\"elementor-button elementor-button-link elementor-size-sm elementor-animation-float\" href=\"https:\/\/hotels.cloudbeds.com\/en\/reservation\/DEYJWW\" target=\"_blank\">\n\t\t\t\t\t\t<span class=\"elementor-button-content-wrapper\">\n\t\t\t\t\t\t\t\t\t<span class=\"elementor-button-text\">\u00dcbernachtung buchen<\/span>\n\t\t\t\t\t<\/span>\n\t\t\t\t\t<\/a>\n\t\t\t\t\t\t\t\t<\/div>\n\t\t\t\t<\/div>\n\t\t\t\t<\/div>\n\t\t\t\t\t<\/div>\n\t\t\t\t<\/div>\n\t\t<div class=\"elementor-element elementor-element-880c3a1 e-flex e-con-boxed e-con e-parent\" data-id=\"880c3a1\" data-element_type=\"container\" data-e-type=\"container\">\n\t\t\t\t\t<div class=\"e-con-inner\">\n\t\t<div class=\"elementor-element elementor-element-14493a2 e-con-full e-flex e-con e-child\" data-id=\"14493a2\" data-element_type=\"container\" data-e-type=\"container\">\n\t\t<div class=\"elementor-element elementor-element-f38516d e-con-full e-flex e-con e-child\" data-id=\"f38516d\" data-element_type=\"container\" data-e-type=\"container\">\n\t\t\t\t<div class=\"elementor-element elementor-element-aab1569 elementor-widget elementor-widget-heading\" data-id=\"aab1569\" data-element_type=\"widget\" data-e-type=\"widget\" data-widget_type=\"heading.default\">\n\t\t\t\t\t<h2 class=\"elementor-heading-title elementor-size-default\">Willkommen im Tal der Wasserf\u00e4lle \u2013 dem Eingangstor zum Jotunheimen<\/h2>\t\t\t\t<\/div>\n\t\t\t\t<div class=\"elementor-element elementor-element-489daa2 elementor-widget elementor-widget-text-editor\" data-id=\"489daa2\" data-element_type=\"widget\" data-e-type=\"widget\" data-widget_type=\"text-editor.default\">\n\t\t\t\t\t\t\t\t\t<p data-start=\"68\" data-end=\"396\">Utladalen Camping \u2013 oder Utladalen Erlebnisse, wie wir es gerne nennen \u2013 liegt im Utladalen, dem westlichen Zugang zum Jotunheimen. Hier wohnen Sie mitten in einer beeindruckenden Landschaft, mit dem Hjellefossen, Avdalsfossen, Hyljefossen und dem Vettisfossen in unmittelbarer N\u00e4he. Nicht ohne Grund wird das Utladalen als das Tal der Wasserf\u00e4lle bezeichnet.<\/p><p data-start=\"398\" data-end=\"795\" data-is-last-node=\"\" data-is-only-node=\"\">Bei uns k\u00f6nnen Sie zwischen H\u00fctten mit oder ohne Bad, Wohnmobilstellpl\u00e4tzen und gro\u00dfz\u00fcgigen Zeltfl\u00e4chen w\u00e4hlen. Das Servicegeb\u00e4ude bietet Duschen und Toiletten. Wir m\u00f6chten mehr als nur \u00dcbernachtung anbieten und helfen Ihnen gerne mit Erlebnissen in der Umgebung \u2013 von gem\u00fctlichen Wanderungen und Gipfeltouren bis hin zu Radfahren, Skifahren und Kajak. Kostenloses WLAN steht allen G\u00e4sten zur Verf\u00fcgung, sodass Sie Ihre n\u00e4chste Tour einfach planen oder besondere Momente unterwegs teilen k\u00f6nnen.<\/p>\t\t\t\t\t\t\t\t<\/div>\n\t\t\t\t<div class=\"elementor-element elementor-element-808f797 elementor-mobile-align-justify elementor-align-left elementor-widget elementor-widget-button\" data-id=\"808f797\" data-element_type=\"widget\" data-e-type=\"widget\" data-widget_type=\"button.default\">\n\t\t\t\t\t\t\t\t\t\t<a class=\"elementor-button elementor-button-link elementor-size-sm elementor-animation-float\" href=\"https:\/\/hotels.cloudbeds.com\/en\/reservation\/DEYJWW\" target=\"_blank\">\n\t\t\t\t\t\t<span class=\"elementor-button-content-wrapper\">\n\t\t\t\t\t\t\t\t\t<span class=\"elementor-button-text\">\u00dcbernachtung buchen<\/span>\n\t\t\t\t\t<\/span>\n\t\t\t\t\t<\/a>\n\t\t\t\t\t\t\t\t<\/div>\n\t\t\t\t<\/div>\n\t\t<div class=\"elementor-element elementor-element-094323a e-con-full e-flex e-con e-child\" data-id=\"094323a\" data-element_type=\"container\" data-e-type=\"container\">\n\t\t\t\t<div class=\"elementor-element elementor-element-87693c3 elementor-widget elementor-widget-image\" data-id=\"87693c3\" data-element_type=\"widget\" data-e-type=\"widget\" data-widget_type=\"image.default\">\n\t\t\t\t\t\t\t\t\t\t\t\t\t\t\t<img fetchpriority=\"high\" decoding=\"async\" width=\"2048\" height=\"1365\" src=\"https:\/\/utla.no\/wp-content\/uploads\/2025\/12\/12341155_2-103-17_photo_print.jpg\" class=\"attachment-full size-full wp-image-103\" alt=\"\" srcset=\"https:\/\/utla.no\/wp-content\/uploads\/2025\/12\/12341155_2-103-17_photo_print.jpg 2048w, https:\/\/utla.no\/wp-content\/uploads\/2025\/12\/12341155_2-103-17_photo_print-300x200.jpg 300w, https:\/\/utla.no\/wp-content\/uploads\/2025\/12\/12341155_2-103-17_photo_print-1024x683.jpg 1024w, https:\/\/utla.no\/wp-content\/uploads\/2025\/12\/12341155_2-103-17_photo_print-768x512.jpg 768w, https:\/\/utla.no\/wp-content\/uploads\/2025\/12\/12341155_2-103-17_photo_print-1536x1024.jpg 1536w\" sizes=\"(max-width: 2048px) 100vw, 2048px\" \/>\t\t\t\t\t\t\t\t\t\t\t\t\t\t\t<\/div>\n\t\t\t\t<\/div>\n\t\t\t\t<\/div>\n\t\t\t\t\t<\/div>\n\t\t\t\t<\/div>\n\t\t\t\t<\/div>","protected":false},"excerpt":{"rendered":"<p>Om Utladalen Camping Utladalen Camping ligger i fossenes dal, inngangsporten til Jotunheimen fra vest. Bo i hytte med eller uten bad, bobil eller telt, med servicebygg og gratis WiFi. Her venter Hjellefossen, Avdalsfossen, Hyljefossen og Vettisfossen rett i n\u00e6rheten. Book overnatting Velkommen til fossenes dal \u2013 inngangsporten til Jotunheimen Utladalen Camping, eller Utladalen Opplevelser som [&hellip;]<\/p>\n","protected":false},"author":1,"featured_media":257,"parent":0,"menu_order":0,"comment_status":"closed","ping_status":"closed","template":"","meta":{"_acf_changed":false,"footnotes":""},"class_list":["post-74","page","type-page","status-publish","has-post-thumbnail","hentry"],"acf":[],"yoast_head":"<!-- This site is optimized with the Yoast SEO plugin v27.0 - https:\/\/yoast.com\/product\/yoast-seo-wordpress\/ -->\n<title>Om Utladalen Camping \u2013 Fossenes Dal ved Jotunheimen<\/title>\n<meta name=\"description\" content=\"Utladalen Camping tilbyr hytter, bobil- og teltplass i fossenes dal \u2013 med kort vei til Jotunheimen og store naturopplevelser.\" \/>\n<meta name=\"robots\" content=\"index, follow, max-snippet:-1, max-image-preview:large, max-video-preview:-1\" \/>\n<link rel=\"canonical\" href=\"https:\/\/utla.no\/de\/uber-uns\/\" \/>\n<meta property=\"og:locale\" content=\"de_DE\" \/>\n<meta property=\"og:type\" content=\"article\" \/>\n<meta property=\"og:title\" content=\"Om Utladalen Camping \u2013 Fossenes Dal ved Jotunheimen\" \/>\n<meta property=\"og:description\" content=\"Utladalen Camping tilbyr hytter, bobil- og teltplass i fossenes dal \u2013 med kort vei til Jotunheimen og store naturopplevelser.\" \/>\n<meta property=\"og:url\" content=\"https:\/\/utla.no\/de\/uber-uns\/\" \/>\n<meta property=\"og:site_name\" content=\"Utladalen Camping\" \/>\n<meta property=\"article:modified_time\" content=\"2026-01-12T11:19:32+00:00\" \/>\n<meta property=\"og:image\" content=\"https:\/\/utla.no\/wp-content\/uploads\/2026\/01\/opengraph-utladalen.png\" \/>\n\t<meta property=\"og:image:width\" content=\"2048\" \/>\n\t<meta property=\"og:image:height\" content=\"1363\" \/>\n\t<meta property=\"og:image:type\" content=\"image\/png\" \/>\n<meta name=\"twitter:card\" content=\"summary_large_image\" \/>\n<meta name=\"twitter:label1\" content=\"Gesch\u00e4tzte Lesezeit\" \/>\n\t<meta name=\"twitter:data1\" content=\"1\u00a0Minute\" \/>\n<script type=\"application\/ld+json\" class=\"yoast-schema-graph\">{\"@context\":\"https:\/\/schema.org\",\"@graph\":[{\"@type\":\"WebPage\",\"@id\":\"https:\/\/utla.no\/om-oss\/\",\"url\":\"https:\/\/utla.no\/om-oss\/\",\"name\":\"Om Utladalen Camping \u2013 Fossenes Dal ved Jotunheimen\",\"isPartOf\":{\"@id\":\"https:\/\/utla.no\/#website\"},\"primaryImageOfPage\":{\"@id\":\"https:\/\/utla.no\/om-oss\/#primaryimage\"},\"image\":{\"@id\":\"https:\/\/utla.no\/om-oss\/#primaryimage\"},\"thumbnailUrl\":\"https:\/\/utla.no\/wp-content\/uploads\/2026\/01\/opengraph-utladalen.png\",\"datePublished\":\"2025-12-09T11:23:27+00:00\",\"dateModified\":\"2026-01-12T11:19:32+00:00\",\"description\":\"Utladalen Camping tilbyr hytter, bobil- og teltplass i fossenes dal \u2013 med kort vei til Jotunheimen og store naturopplevelser.\",\"breadcrumb\":{\"@id\":\"https:\/\/utla.no\/om-oss\/#breadcrumb\"},\"inLanguage\":\"de\",\"potentialAction\":[{\"@type\":\"ReadAction\",\"target\":[\"https:\/\/utla.no\/om-oss\/\"]}]},{\"@type\":\"ImageObject\",\"inLanguage\":\"de\",\"@id\":\"https:\/\/utla.no\/om-oss\/#primaryimage\",\"url\":\"https:\/\/utla.no\/wp-content\/uploads\/2026\/01\/opengraph-utladalen.png\",\"contentUrl\":\"https:\/\/utla.no\/wp-content\/uploads\/2026\/01\/opengraph-utladalen.png\",\"width\":2048,\"height\":1363},{\"@type\":\"BreadcrumbList\",\"@id\":\"https:\/\/utla.no\/om-oss\/#breadcrumb\",\"itemListElement\":[{\"@type\":\"ListItem\",\"position\":1,\"name\":\"Hjem\",\"item\":\"https:\/\/utla.no\/\"},{\"@type\":\"ListItem\",\"position\":2,\"name\":\"Om oss\"}]},{\"@type\":\"WebSite\",\"@id\":\"https:\/\/utla.no\/#website\",\"url\":\"https:\/\/utla.no\/\",\"name\":\"Utladalen Camping\",\"description\":\"Hytter &amp; Telt n\u00e6r Jotunheimen\",\"publisher\":{\"@id\":\"https:\/\/utla.no\/#organization\"},\"alternateName\":\"Utladalen Camping\",\"potentialAction\":[{\"@type\":\"SearchAction\",\"target\":{\"@type\":\"EntryPoint\",\"urlTemplate\":\"https:\/\/utla.no\/?s={search_term_string}\"},\"query-input\":{\"@type\":\"PropertyValueSpecification\",\"valueRequired\":true,\"valueName\":\"search_term_string\"}}],\"inLanguage\":\"de\"},{\"@type\":\"Organization\",\"@id\":\"https:\/\/utla.no\/#organization\",\"name\":\"Utladalen Camping\",\"alternateName\":\"Utladalen Camping\",\"url\":\"https:\/\/utla.no\/\",\"logo\":{\"@type\":\"ImageObject\",\"inLanguage\":\"de\",\"@id\":\"https:\/\/utla.no\/#\/schema\/logo\/image\/\",\"url\":\"https:\/\/utla.no\/wp-content\/uploads\/2025\/12\/horizontal-white-logo.png\",\"contentUrl\":\"https:\/\/utla.no\/wp-content\/uploads\/2025\/12\/horizontal-white-logo.png\",\"width\":828,\"height\":320,\"caption\":\"Utladalen Camping\"},\"image\":{\"@id\":\"https:\/\/utla.no\/#\/schema\/logo\/image\/\"}}]}<\/script>\n<!-- \/ Yoast SEO plugin. -->","yoast_head_json":{"title":"\u00dcber Utladalen Camping \u2013 Natur &amp; Wasserf\u00e4lle erleben","description":"H\u00fctten, Zelte &amp; Stellpl\u00e4tze im Tal der Wasserf\u00e4lle \u2013 mit WLAN &amp; Zugang zum Jotunheimen. Ideal f\u00fcr aktive Natururlauber.","robots":{"index":"index","follow":"follow","max-snippet":"max-snippet:-1","max-image-preview":"max-image-preview:large","max-video-preview":"max-video-preview:-1"},"canonical":"https:\/\/utla.no\/de\/uber-uns\/","og_locale":"de_DE","og_type":"article","og_title":"Om Utladalen Camping \u2013 Fossenes Dal ved Jotunheimen","og_description":"Utladalen Camping tilbyr hytter, bobil- og teltplass i fossenes dal \u2013 med kort vei til Jotunheimen og store naturopplevelser.","og_url":"https:\/\/utla.no\/de\/uber-uns\/","og_site_name":"Utladalen Camping","article_modified_time":"2026-01-12T11:19:32+00:00","og_image":[{"width":2048,"height":1363,"url":"https:\/\/utla.no\/wp-content\/uploads\/2026\/01\/opengraph-utladalen.png","type":"image\/png"}],"twitter_card":"summary_large_image","twitter_misc":{"Gesch\u00e4tzte Lesezeit":"1\u00a0Minute"},"schema":{"@context":"https:\/\/schema.org","@graph":[{"@type":"WebPage","@id":"https:\/\/utla.no\/om-oss\/","url":"https:\/\/utla.no\/om-oss\/","name":"\u00dcber Utladalen Camping \u2013 Natur &amp; Wasserf\u00e4lle erleben","isPartOf":{"@id":"https:\/\/utla.no\/#website"},"primaryImageOfPage":{"@id":"https:\/\/utla.no\/om-oss\/#primaryimage"},"image":{"@id":"https:\/\/utla.no\/om-oss\/#primaryimage"},"thumbnailUrl":"https:\/\/utla.no\/wp-content\/uploads\/2026\/01\/opengraph-utladalen.png","datePublished":"2025-12-09T11:23:27+00:00","dateModified":"2026-01-12T11:19:32+00:00","description":"H\u00fctten, Zelte &amp; Stellpl\u00e4tze im Tal der Wasserf\u00e4lle \u2013 mit WLAN &amp; Zugang zum Jotunheimen. Ideal f\u00fcr aktive Natururlauber.","breadcrumb":{"@id":"https:\/\/utla.no\/om-oss\/#breadcrumb"},"inLanguage":"de","potentialAction":[{"@type":"ReadAction","target":["https:\/\/utla.no\/om-oss\/"]}]},{"@type":"ImageObject","inLanguage":"de","@id":"https:\/\/utla.no\/om-oss\/#primaryimage","url":"https:\/\/utla.no\/wp-content\/uploads\/2026\/01\/opengraph-utladalen.png","contentUrl":"https:\/\/utla.no\/wp-content\/uploads\/2026\/01\/opengraph-utladalen.png","width":2048,"height":1363},{"@type":"BreadcrumbList","@id":"https:\/\/utla.no\/om-oss\/#breadcrumb","itemListElement":[{"@type":"ListItem","position":1,"name":"Hjem","item":"https:\/\/utla.no\/"},{"@type":"ListItem","position":2,"name":"Om oss"}]},{"@type":"WebSite","@id":"https:\/\/utla.no\/#website","url":"https:\/\/utla.no\/","name":"Utladalen Camping","description":"Hytter &amp; Telt n\u00e6r Jotunheimen","publisher":{"@id":"https:\/\/utla.no\/#organization"},"alternateName":"Utladalen Camping","potentialAction":[{"@type":"SearchAction","target":{"@type":"EntryPoint","urlTemplate":"https:\/\/utla.no\/?s={search_term_string}"},"query-input":{"@type":"PropertyValueSpecification","valueRequired":true,"valueName":"search_term_string"}}],"inLanguage":"de"},{"@type":"Organization","@id":"https:\/\/utla.no\/#organization","name":"Utladalen Camping","alternateName":"Utladalen Camping","url":"https:\/\/utla.no\/","logo":{"@type":"ImageObject","inLanguage":"de","@id":"https:\/\/utla.no\/#\/schema\/logo\/image\/","url":"https:\/\/utla.no\/wp-content\/uploads\/2025\/12\/horizontal-white-logo.png","contentUrl":"https:\/\/utla.no\/wp-content\/uploads\/2025\/12\/horizontal-white-logo.png","width":828,"height":320,"caption":"Utladalen Camping"},"image":{"@id":"https:\/\/utla.no\/#\/schema\/logo\/image\/"}}]}},"_links":{"self":[{"href":"https:\/\/utla.no\/de\/wp-json\/wp\/v2\/pages\/74","targetHints":{"allow":["GET"]}}],"collection":[{"href":"https:\/\/utla.no\/de\/wp-json\/wp\/v2\/pages"}],"about":[{"href":"https:\/\/utla.no\/de\/wp-json\/wp\/v2\/types\/page"}],"author":[{"embeddable":true,"href":"https:\/\/utla.no\/de\/wp-json\/wp\/v2\/users\/1"}],"replies":[{"embeddable":true,"href":"https:\/\/utla.no\/de\/wp-json\/wp\/v2\/comments?post=74"}],"version-history":[{"count":5,"href":"https:\/\/utla.no\/de\/wp-json\/wp\/v2\/pages\/74\/revisions"}],"predecessor-version":[{"id":324,"href":"https:\/\/utla.no\/de\/wp-json\/wp\/v2\/pages\/74\/revisions\/324"}],"wp:featuredmedia":[{"embeddable":true,"href":"https:\/\/utla.no\/de\/wp-json\/wp\/v2\/media\/257"}],"wp:attachment":[{"href":"https:\/\/utla.no\/de\/wp-json\/wp\/v2\/media?parent=74"}],"curies":[{"name":"wp","href":"https:\/\/api.w.org\/{rel}","templated":true}]}}